{"id":912,"date":"2025-10-02T08:07:25","date_gmt":"2025-10-02T08:07:25","guid":{"rendered":"https:\/\/nueva.parroquiasaneloy.archimadrid.es\/?page_id=912"},"modified":"2025-10-02T10:06:40","modified_gmt":"2025-10-02T10:06:40","slug":"bautismo","status":"publish","type":"page","link":"https:\/\/parroquiasaneloy.archimadrid.es\/?page_id=912","title":{"rendered":"Bautismo"},"content":{"rendered":"\n<figure class=\"wp-block-image size-full is-resized\"><img loading=\"lazy\" decoding=\"async\" width=\"600\" height=\"400\" src=\"https:\/\/parroquiasaneloy.archimadrid.es\/wp-content\/uploads\/2025\/08\/bautismo-1.jpg\" alt=\"\" class=\"wp-image-560\" style=\"width:94px;height:auto\" srcset=\"https:\/\/parroquiasaneloy.archimadrid.es\/wp-content\/uploads\/2025\/08\/bautismo-1.jpg 600w, https:\/\/parroquiasaneloy.archimadrid.es\/wp-content\/uploads\/2025\/08\/bautismo-1-300x200.jpg 300w\" sizes=\"auto, (max-width: 600px) 100vw, 600px\" \/><\/figure>\n\n\n\n<p><\/p>\n\n\n\n<p>Para solicitar el Sacramento del Bautismo <strong>es necesario pasarse por el despacho parroquial<\/strong> para poder concretar d\u00eda y hora.<\/p>\n\n\n\n<p><\/p>\n\n\n\n<p><strong>A partir de siete a\u00f1os<\/strong> se puede recibir el bautismo sin necesidad de catequesis propia. En este caso quienes reciben la catequesis son los padres y padrinos. Por lo tanto los padres se comprometen a educar en la fe a su hijo hasta que el ni\u00f1o crezca y pueda elegir libremente. Para ello, los padres y los padrinos deben realizar un cursillo prebautismal donde se les explica el sentido del sacramento, la celebraci\u00f3n y los compromisos que toman al acceder al bautizo de su hijo.<\/p>\n\n\n\n<p>Es tambi\u00e9n muy importante la figura de los padrinos que tienen el deber de acompa\u00f1ar al ni\u00f1o en el crecimiento de la fe y ayudar a los padres en dicho cometido. Por esa raz\u00f3n, los padrinos deben ser mayores de 16 a\u00f1os, haber recibido el Sacramento de la Confirmaci\u00f3n y vivir una vida cristiana adecuada.<\/p>\n\n\n\n<p>Si el ni\u00f1o es mayor de 7 a\u00f1os, lo propio es que se integre en el proceso de catequesis de su edad y se prepare ah\u00ed para ello. Normalmente el cursillo prebautismal es el \u00faltimo s\u00e1bado de mes y las celebraciones los primeros s\u00e1bados de mes a las 12h. No obstante, si por motivos razonables no pudieran celebrarse en dicha fecha, es posible cambiarla a otra m\u00e1s adecuada tanto para el cursillo como para la ceremonia.<\/p>\n\n\n\n<blockquote class=\"wp-block-quote is-layout-flow wp-block-quote-is-layout-flow\">\n<p style=\"font-size:16px\"><strong>En verdad, en verdad os digo, que quien no nazca de agua y del Esp\u00edritu no puede entrar en el reino de Dios (San Juan 3:5)<\/strong><\/p>\n<\/blockquote>\n","protected":false},"excerpt":{"rendered":"<p>Para solicitar el Sacramento del Bautismo es necesario pasarse por el despacho parroquial para poder concretar d\u00eda y hora. A partir de siete a\u00f1os se puede recibir el bautismo sin necesidad de catequesis propia. En este caso quienes reciben la catequesis son los padres y padrinos. Por lo tanto los padres se comprometen a educar&hellip;&nbsp;<\/p>\n","protected":false},"author":2,"featured_media":0,"parent":0,"menu_order":0,"comment_status":"closed","ping_status":"closed","template":"","meta":{"neve_meta_sidebar":"","neve_meta_container":"","neve_meta_enable_content_width":"","neve_meta_content_width":0,"neve_meta_title_alignment":"","neve_meta_author_avatar":"","neve_post_elements_order":"","neve_meta_disable_header":"","neve_meta_disable_footer":"","neve_meta_disable_title":"","_themeisle_gutenberg_block_has_review":false,"footnotes":""},"class_list":["post-912","page","type-page","status-publish","hentry"],"_links":{"self":[{"href":"https:\/\/parroquiasaneloy.archimadrid.es\/index.php?rest_route=\/wp\/v2\/pages\/912","targetHints":{"allow":["GET"]}}],"collection":[{"href":"https:\/\/parroquiasaneloy.archimadrid.es\/index.php?rest_route=\/wp\/v2\/pages"}],"about":[{"href":"https:\/\/parroquiasaneloy.archimadrid.es\/index.php?rest_route=\/wp\/v2\/types\/page"}],"author":[{"embeddable":true,"href":"https:\/\/parroquiasaneloy.archimadrid.es\/index.php?rest_route=\/wp\/v2\/users\/2"}],"replies":[{"embeddable":true,"href":"https:\/\/parroquiasaneloy.archimadrid.es\/index.php?rest_route=%2Fwp%2Fv2%2Fcomments&post=912"}],"version-history":[{"count":5,"href":"https:\/\/parroquiasaneloy.archimadrid.es\/index.php?rest_route=\/wp\/v2\/pages\/912\/revisions"}],"predecessor-version":[{"id":942,"href":"https:\/\/parroquiasaneloy.archimadrid.es\/index.php?rest_route=\/wp\/v2\/pages\/912\/revisions\/942"}],"wp:attachment":[{"href":"https:\/\/parroquiasaneloy.archimadrid.es\/index.php?rest_route=%2Fwp%2Fv2%2Fmedia&parent=912"}],"curies":[{"name":"wp","href":"https:\/\/api.w.org\/{rel}","templated":true}]}}