{"id":919,"date":"2025-10-02T08:09:55","date_gmt":"2025-10-02T08:09:55","guid":{"rendered":"https:\/\/nueva.parroquiasaneloy.archimadrid.es\/?page_id=919"},"modified":"2025-10-04T10:50:20","modified_gmt":"2025-10-04T10:50:20","slug":"penitencia","status":"publish","type":"page","link":"https:\/\/parroquiasaneloy.archimadrid.es\/?page_id=919","title":{"rendered":"Penitencia"},"content":{"rendered":"\n<figure class=\"wp-block-image size-full is-resized\"><img loading=\"lazy\" decoding=\"async\" width=\"600\" height=\"400\" src=\"https:\/\/parroquiasaneloy.archimadrid.es\/wp-content\/uploads\/2025\/08\/confesion-1.jpg\" alt=\"\" class=\"wp-image-561\" style=\"width:126px;height:auto\" srcset=\"https:\/\/parroquiasaneloy.archimadrid.es\/wp-content\/uploads\/2025\/08\/confesion-1.jpg 600w, https:\/\/parroquiasaneloy.archimadrid.es\/wp-content\/uploads\/2025\/08\/confesion-1-300x200.jpg 300w\" sizes=\"auto, (max-width: 600px) 100vw, 600px\" \/><\/figure>\n\n\n\n<p>El Sacramento de la Penitencia, tambi\u00e9n conocido como Confesi\u00f3n o Reconciliaci\u00f3n es un sacramento instituido por Cristo para el perd\u00f3n de los pecados y la reconciliaci\u00f3n del cristiano con Dios y la Iglesia.<\/p>\n\n\n\n<p>En la parroquia el sacerdote suele estar disponible media hora antes de la misa y siempre que se lo solicite, en el despacho parroquial.<\/p>\n\n\n\n<div class=\"wp-block-buttons alignwide is-layout-flex wp-block-buttons-is-layout-flex\">\n<div class=\"wp-block-button\"><a class=\"wp-block-button__link wp-element-button\" href=\"https:\/\/parroquiasaneloy.archimadrid.es\/wp-content\/uploads\/2025\/10\/ex_conciencia.pdf\">Examen de conciencia<\/a><\/div>\n<\/div>\n\n\n\n<blockquote class=\"wp-block-quote is-layout-flow wp-block-quote-is-layout-flow\">\n<p style=\"font-size:16px\"><strong>Recibid al Esp\u00edritu Santo. A quienes perdon\u00e9is los pecados, les quedan perdonados; a quienes se los reteng\u00e1is, les quedan retenidos (Juan 20, 20-23)<\/strong><\/p>\n<\/blockquote>\n","protected":false},"excerpt":{"rendered":"<p>El Sacramento de la Penitencia, tambi\u00e9n conocido como Confesi\u00f3n o Reconciliaci\u00f3n es un sacramento instituido por Cristo para el perd\u00f3n de los pecados y la reconciliaci\u00f3n del cristiano con Dios y la Iglesia. En la parroquia el sacerdote suele estar disponible media hora antes de la misa y siempre que se lo solicite, en el&hellip;&nbsp;<\/p>\n","protected":false},"author":2,"featured_media":0,"parent":0,"menu_order":0,"comment_status":"closed","ping_status":"closed","template":"","meta":{"neve_meta_sidebar":"","neve_meta_container":"","neve_meta_enable_content_width":"","neve_meta_content_width":0,"neve_meta_title_alignment":"","neve_meta_author_avatar":"","neve_post_elements_order":"","neve_meta_disable_header":"","neve_meta_disable_footer":"","neve_meta_disable_title":"","_themeisle_gutenberg_block_has_review":false,"footnotes":""},"class_list":["post-919","page","type-page","status-publish","hentry"],"_links":{"self":[{"href":"https:\/\/parroquiasaneloy.archimadrid.es\/index.php?rest_route=\/wp\/v2\/pages\/919","targetHints":{"allow":["GET"]}}],"collection":[{"href":"https:\/\/parroquiasaneloy.archimadrid.es\/index.php?rest_route=\/wp\/v2\/pages"}],"about":[{"href":"https:\/\/parroquiasaneloy.archimadrid.es\/index.php?rest_route=\/wp\/v2\/types\/page"}],"author":[{"embeddable":true,"href":"https:\/\/parroquiasaneloy.archimadrid.es\/index.php?rest_route=\/wp\/v2\/users\/2"}],"replies":[{"embeddable":true,"href":"https:\/\/parroquiasaneloy.archimadrid.es\/index.php?rest_route=%2Fwp%2Fv2%2Fcomments&post=919"}],"version-history":[{"count":5,"href":"https:\/\/parroquiasaneloy.archimadrid.es\/index.php?rest_route=\/wp\/v2\/pages\/919\/revisions"}],"predecessor-version":[{"id":961,"href":"https:\/\/parroquiasaneloy.archimadrid.es\/index.php?rest_route=\/wp\/v2\/pages\/919\/revisions\/961"}],"wp:attachment":[{"href":"https:\/\/parroquiasaneloy.archimadrid.es\/index.php?rest_route=%2Fwp%2Fv2%2Fmedia&parent=919"}],"curies":[{"name":"wp","href":"https:\/\/api.w.org\/{rel}","templated":true}]}}