{"id":921,"date":"2025-10-02T08:12:50","date_gmt":"2025-10-02T08:12:50","guid":{"rendered":"https:\/\/nueva.parroquiasaneloy.archimadrid.es\/?page_id=921"},"modified":"2025-10-09T08:59:30","modified_gmt":"2025-10-09T08:59:30","slug":"uncion-de-enfermos","status":"publish","type":"page","link":"https:\/\/parroquiasaneloy.archimadrid.es\/?page_id=921","title":{"rendered":"Unci\u00f3n de enfermos"},"content":{"rendered":"\n<figure class=\"wp-block-image size-full is-resized\"><img loading=\"lazy\" decoding=\"async\" width=\"600\" height=\"400\" src=\"https:\/\/parroquiasaneloy.archimadrid.es\/wp-content\/uploads\/2025\/08\/uncion-1.jpg\" alt=\"\" class=\"wp-image-562\" style=\"width:123px;height:auto\" srcset=\"https:\/\/parroquiasaneloy.archimadrid.es\/wp-content\/uploads\/2025\/08\/uncion-1.jpg 600w, https:\/\/parroquiasaneloy.archimadrid.es\/wp-content\/uploads\/2025\/08\/uncion-1-300x200.jpg 300w\" sizes=\"auto, (max-width: 600px) 100vw, 600px\" \/><\/figure>\n\n\n\n<p>La unci\u00f3n de los enfermos es el sacramento que confiere una gracia especial para sobrellevar la enfermedad o la vejez, ofreciendo consuelo, paz y \u00e1nimo y la posible sanaci\u00f3n corporal y el perd\u00f3n de los pecados.<\/p>\n\n\n\n<p>Normalmente una o dos veces al a\u00f1o se celebra el sacramento de la unci\u00f3n en el templo de manera comunitaria.<\/p>\n\n\n\n<p>Este sacramento tambi\u00e9n se puede solicitar en el despacho parroquial o por tel\u00e9fono. En caso de urgencia y no poder contactar con la parroquia, se puede llamar al SARCU (Servicio de atenci\u00f3n religiosa cat\u00f3lica urgente) de la Di\u00f3cesis de Madrid. El tel\u00e9fono es 913717717 (disponible las 24 horas del d\u00eda, los 365 d\u00edas del a\u00f1o)<\/p>\n\n\n\n<p>Es costumbre pensar que el sacramento de la unci\u00f3n solamente se recibe cuando se est\u00e1 a punto de morir (extremaunci\u00f3n), sin embargo, aunque tambi\u00e9n se debe recibir en estos dif\u00edciles momentos, el sacramento de la unci\u00f3n no es un sacramento para la muerte, sino para la vida, pues se pide por la salud de los enfermos y se puede recibir tantas veces sea necesario.<\/p>\n\n\n\n<blockquote class=\"wp-block-quote is-layout-flow wp-block-quote-is-layout-flow\">\n<p style=\"font-size:16px\"><strong>\u00bfAlguno de vosotros est\u00e1 enfermo? Que llame a los presb\u00edteros de la Iglesia para que oren sobre \u00e9l, ungi\u00e9ndole con \u00f3leo en el nombre del Se\u00f1or y la oraci\u00f3n de fe salvar\u00e1 al enfermo, y el Se\u00f1or le levantar\u00e1 y los pecados que hubiera cometido le ser\u00e1n perdonados. (Santiago 5 14-15)<\/strong><\/p>\n<\/blockquote>\n","protected":false},"excerpt":{"rendered":"<p>La unci\u00f3n de los enfermos es el sacramento que confiere una gracia especial para sobrellevar la enfermedad o la vejez, ofreciendo consuelo, paz y \u00e1nimo y la posible sanaci\u00f3n corporal y el perd\u00f3n de los pecados. Normalmente una o dos veces al a\u00f1o se celebra el sacramento de la unci\u00f3n en el templo de manera&hellip;&nbsp;<\/p>\n","protected":false},"author":2,"featured_media":0,"parent":0,"menu_order":0,"comment_status":"closed","ping_status":"closed","template":"","meta":{"neve_meta_sidebar":"","neve_meta_container":"","neve_meta_enable_content_width":"","neve_meta_content_width":0,"neve_meta_title_alignment":"","neve_meta_author_avatar":"","neve_post_elements_order":"","neve_meta_disable_header":"","neve_meta_disable_footer":"","neve_meta_disable_title":"","_themeisle_gutenberg_block_has_review":false,"footnotes":""},"class_list":["post-921","page","type-page","status-publish","hentry"],"_links":{"self":[{"href":"https:\/\/parroquiasaneloy.archimadrid.es\/index.php?rest_route=\/wp\/v2\/pages\/921","targetHints":{"allow":["GET"]}}],"collection":[{"href":"https:\/\/parroquiasaneloy.archimadrid.es\/index.php?rest_route=\/wp\/v2\/pages"}],"about":[{"href":"https:\/\/parroquiasaneloy.archimadrid.es\/index.php?rest_route=\/wp\/v2\/types\/page"}],"author":[{"embeddable":true,"href":"https:\/\/parroquiasaneloy.archimadrid.es\/index.php?rest_route=\/wp\/v2\/users\/2"}],"replies":[{"embeddable":true,"href":"https:\/\/parroquiasaneloy.archimadrid.es\/index.php?rest_route=%2Fwp%2Fv2%2Fcomments&post=921"}],"version-history":[{"count":3,"href":"https:\/\/parroquiasaneloy.archimadrid.es\/index.php?rest_route=\/wp\/v2\/pages\/921\/revisions"}],"predecessor-version":[{"id":969,"href":"https:\/\/parroquiasaneloy.archimadrid.es\/index.php?rest_route=\/wp\/v2\/pages\/921\/revisions\/969"}],"wp:attachment":[{"href":"https:\/\/parroquiasaneloy.archimadrid.es\/index.php?rest_route=%2Fwp%2Fv2%2Fmedia&parent=921"}],"curies":[{"name":"wp","href":"https:\/\/api.w.org\/{rel}","templated":true}]}}