{"id":987,"date":"2025-10-23T09:19:28","date_gmt":"2025-10-23T09:19:28","guid":{"rendered":"https:\/\/nueva.parroquiasaneloy.archimadrid.es\/?page_id=987"},"modified":"2025-10-23T09:44:48","modified_gmt":"2025-10-23T09:44:48","slug":"politica-de-cookies","status":"publish","type":"page","link":"https:\/\/parroquiasaneloy.archimadrid.es\/?page_id=987","title":{"rendered":"Pol\u00edtica de cookies"},"content":{"rendered":"\n<p><\/p>\n\n\n\n<p><em>En este sitio web (<\/em><a href=\"https:\/\/parroquiasaneloy.archimadrid.es\/\"><em>https:\/\/parroquiasaneloy.archimadrid.es\/<\/em><\/a><em>), utilizamos cookies para mejorar la experiencia del usuario y optimizar nuestros servicios. A continuaci\u00f3n, te explicamos qu\u00e9 son las cookies, c\u00f3mo las utilizamos y c\u00f3mo puedes gestionarlas.<\/em><strong><em><\/em><\/strong><\/p>\n\n\n\n<p><strong><em>\u00bfQu\u00e9 son las cookies?<\/em><\/strong><em>&nbsp;<\/em><\/p>\n\n\n\n<p><em>Las cookies son peque\u00f1os archivos de texto que los sitios web env\u00edan a tu navegador para que se almacenen en tu dispositivo, permitiendo que la p\u00e1gina web \u201crecuerde\u201d informaci\u00f3n sobre tu visita, por ejemplo, para, <\/em><em>reconocerte como usuario, obtener informaci\u00f3n sobre tus h\u00e1bitos de navegaci\u00f3n, o personalizar la forma en que se muestra el contenido. <\/em><em><\/em><\/p>\n\n\n\n<p><em>Las cookies que utiliza esta p\u00e1gina web no da\u00f1an su equipo. \u00danicamente, sirven para mejorar la puesta a disposici\u00f3n de la web. Los usos concretos que hacemos de estas tecnolog\u00edas se describen a continuaci\u00f3n.<\/em><em><\/em><\/p>\n\n\n\n<p><strong><em>\u00bfQu\u00e9 tipos de cookies se utilizan en esta p\u00e1gina web?<\/em><\/strong><\/p>\n\n\n\n<p><strong><em>Cookies t\u00e9cnicas<\/em><\/strong><em>&#8211; Este tipo de cookie recuerda sus preferencias para las herramientas que se encuentran en los servicios.<\/em><\/p>\n\n\n\n<p><strong><em>Cookies de an\u00e1lisis- <\/em><\/strong><em>Nos permiten conocer c\u00f3mo los usuarios interact\u00faan con nuestra web, ayud\u00e1ndonos a mejorar su funcionamiento.<\/em><\/p>\n\n\n\n<p><em>Los fines de estas cookies son los siguientes:<\/em><\/p>\n\n\n\n<ul class=\"wp-block-list\">\n<li><em>Permitir identificaci\u00f3n an\u00f3nima de los usuarios para contabilizar el n\u00famero de visitantes y su tendencia en el tiempo.<\/em><\/li>\n\n\n\n<li><em>Identificar los apartados de contenidos m\u00e1s visitados y por lo tanto m\u00e1s atractivos a los usuarios.<\/em><\/li>\n\n\n\n<li><em>Dichas cookies ser\u00e1n utilizadas con prop\u00f3sitos estad\u00edsticos para optimizar la experiencia de los usuarios en el sitio.<\/em><\/li>\n<\/ul>\n\n\n\n<p><strong><em>Cookies de preferencias o personalizaci\u00f3n<\/em><\/strong><em>&#8211; Son aquellas que permiten recordar informaci\u00f3n del usuario que accede al sitio con determinadas caracter\u00edsticas que pueden diferenciar su experiencia del resto de usuarios, como , por ejemplo, el idioma, el navegador, etc.<\/em><\/p>\n\n\n\n<p><em>Cookies de terceros- Algunas funciones del sitio pueden incluir cookies de servicios externos como redes sociales o herramientas de an\u00e1lisis (Google analytics,..).<\/em><\/p>\n\n\n\n<p><strong><em>Licitud del tratamiento<\/em><\/strong><em><\/em><\/p>\n\n\n\n<p><em>La base legal del tratamiento es su consentimiento (libre, espec\u00edfico, informado e inequ\u00edvoco). Podr\u00e1 revocar su consentimiento, siga las instrucciones del siguiente apartado.<\/em><\/p>\n\n\n\n<p><strong><em>Forma de aceptar, denegar, revocar el consentimiento o eliminar las cookies<\/em><\/strong><em><\/em><\/p>\n\n\n\n<p><em>Puede permitir o bloquear las cookies accediendo al configurador de las cookies previamente se\u00f1alado.<\/em><\/p>\n\n\n\n<p><em>En el caso de que nuestro sistema de gesti\u00f3n o configuraci\u00f3n de las cookies no permitiese evitar la utilizaci\u00f3n de las cookies de terceros una vez aceptadas por el usuario, puede usted permitir o bloquear las cookies, as\u00ed como borrar sus datos de navegaci\u00f3n (incluidas las cookies) desde el navegador que usted utiliza o desde las opciones de configuraci\u00f3n del tercero accediendo a trav\u00e9s del link facilitado previamente. Consulte las opciones e instrucciones que ofrece su navegador para ello.<\/em><\/p>\n\n\n\n<ul class=\"wp-block-list\">\n<li><strong><em>Firefox<\/em><\/strong><em>:\u00a0<\/em><a href=\"https:\/\/support.mozilla.org\/es\/kb\/cookies-informacion-que-los-sitios-web-guardan-en-\"><em>https:\/\/support.mozilla.org\/es\/kb\/cookies-informacion-que-los-sitios-web-guardan-en-<\/em><\/a><\/li>\n\n\n\n<li><strong><em>Chrome:<\/em><\/strong><em> <\/em><a href=\"https:\/\/support.google.com\/chrome\/answer\/95647?hl=es\"><em>https:\/\/support.google.com\/chrome\/answer\/95647?hl=es<\/em><\/a><\/li>\n\n\n\n<li><strong><em>Microsoft Edge: <\/em><\/strong><a href=\"https:\/\/support.microsoft.com\/es-es\/windows\/administrar-cookies-en-microsoft-edge-ver-permitir-bloqueat-eliminar-y-usar-168dab11-0753-043d-7c16-ede5947fc64d\"><em>https:\/\/support.microsoft.com\/es-es\/windows\/administrar-cookies-en-microsoft-edge-ver-permitir-bloqueat-eliminar-y-usar-168dab11-0753-043d-7c16-ede5947fc64d<\/em><\/a><\/li>\n\n\n\n<li><strong><em>Opera<\/em><\/strong><em>:\u00a0<\/em><a href=\"http:\/\/help.opera.com\/Windows\/11.50\/es-ES\/cookies.html\"><em>http:\/\/help.opera.com\/Windows\/11.50\/es-ES\/cookies.html<\/em><\/a><\/li>\n\n\n\n<li><strong><em>Otros navegadores<\/em><\/strong><em>: consulte la documentaci\u00f3n del navegador y versi\u00f3n del mismo que tenga instalado .<\/em><\/li>\n<\/ul>\n\n\n\n<p><strong><em>Cambios en la pol\u00edtica de cookies- <\/em><\/strong><em>Podemos actualizar esta pol\u00edtica en cualquier momento en funci\u00f3n de exigencias legislativas, reglamentarias o con la finalidad de adaptar dicha pol\u00edtica a las instrucciones dictadas por la Agencia Espa\u00f1ola de Protecci\u00f3n de Datos. Te recomendamos revisar esta secci\u00f3n peri\u00f3dicamente.<\/em><\/p>\n","protected":false},"excerpt":{"rendered":"<p>En este sitio web (https:\/\/parroquiasaneloy.archimadrid.es\/), utilizamos cookies para mejorar la experiencia del usuario y optimizar nuestros servicios. A continuaci\u00f3n, te explicamos qu\u00e9 son las cookies, c\u00f3mo las utilizamos y c\u00f3mo puedes gestionarlas. \u00bfQu\u00e9 son las cookies?&nbsp; Las cookies son peque\u00f1os archivos de texto que los sitios web env\u00edan a tu navegador para que se almacenen&hellip;&nbsp;<\/p>\n","protected":false},"author":2,"featured_media":0,"parent":0,"menu_order":0,"comment_status":"closed","ping_status":"closed","template":"","meta":{"neve_meta_sidebar":"","neve_meta_container":"","neve_meta_enable_content_width":"","neve_meta_content_width":0,"neve_meta_title_alignment":"","neve_meta_author_avatar":"","neve_post_elements_order":"","neve_meta_disable_header":"","neve_meta_disable_footer":"","neve_meta_disable_title":"","_themeisle_gutenberg_block_has_review":false,"footnotes":""},"class_list":["post-987","page","type-page","status-publish","hentry"],"_links":{"self":[{"href":"https:\/\/parroquiasaneloy.archimadrid.es\/index.php?rest_route=\/wp\/v2\/pages\/987","targetHints":{"allow":["GET"]}}],"collection":[{"href":"https:\/\/parroquiasaneloy.archimadrid.es\/index.php?rest_route=\/wp\/v2\/pages"}],"about":[{"href":"https:\/\/parroquiasaneloy.archimadrid.es\/index.php?rest_route=\/wp\/v2\/types\/page"}],"author":[{"embeddable":true,"href":"https:\/\/parroquiasaneloy.archimadrid.es\/index.php?rest_route=\/wp\/v2\/users\/2"}],"replies":[{"embeddable":true,"href":"https:\/\/parroquiasaneloy.archimadrid.es\/index.php?rest_route=%2Fwp%2Fv2%2Fcomments&post=987"}],"version-history":[{"count":2,"href":"https:\/\/parroquiasaneloy.archimadrid.es\/index.php?rest_route=\/wp\/v2\/pages\/987\/revisions"}],"predecessor-version":[{"id":991,"href":"https:\/\/parroquiasaneloy.archimadrid.es\/index.php?rest_route=\/wp\/v2\/pages\/987\/revisions\/991"}],"wp:attachment":[{"href":"https:\/\/parroquiasaneloy.archimadrid.es\/index.php?rest_route=%2Fwp%2Fv2%2Fmedia&parent=987"}],"curies":[{"name":"wp","href":"https:\/\/api.w.org\/{rel}","templated":true}]}}